{"id":15229,"date":"2018-02-21T10:50:47","date_gmt":"2018-02-21T09:50:47","guid":{"rendered":"http:\/\/frailedeltiempo.com\/?page_id=15229"},"modified":"2024-02-08T09:36:46","modified_gmt":"2024-02-08T07:36:46","slug":"inici","status":"publish","type":"page","link":"https:\/\/frailedeltiempo.com\/ca\/","title":{"rendered":"Inici"},"content":{"rendered":"<div class=\"wpb-content-wrapper\"><p>[vc_row css_animation=&#8221;&#8221; row_type=&#8221;row&#8221; use_row_as_full_screen_section=&#8221;no&#8221; type=&#8221;grid&#8221; angled_section=&#8221;no&#8221; text_align=&#8221;left&#8221; background_image_as_pattern=&#8221;without_pattern&#8221; background_color=&#8221;#ffffff&#8221; padding_top=&#8221;87&#8243; padding_bottom=&#8221;34&#8243;][vc_column][vc_column_text]<\/p>\n<h2 style=\"text-align: center;\">El centenari i fiable Frare del Temps<\/h2>\n<p>[\/vc_column_text][vc_separator type=&#8221;small&#8221; position=&#8221;center&#8221; up=&#8221;7&#8243; down=&#8221;38&#8243;][vc_column_text]<\/p>\n<h4 style=\"text-align: center;\">\u00a1<span id=\"result_box\" class=\"\" lang=\"ca\" tabindex=\"-1\"><span class=\"\">Descobreix<\/span> <span class=\"\">les diferents<\/span> edicions del Frare del Temps i regala&#8217;t la que m\u00e9s t&#8217;agradi<\/span>!<\/h4>\n<p>[\/vc_column_text][vc_separator type=&#8221;transparent&#8221; up=&#8221;35&#8243; down=&#8221;22&#8243;][vc_row_inner row_type=&#8221;row&#8221; type=&#8221;full_width&#8221; text_align=&#8221;left&#8221; css_animation=&#8221;&#8221;][vc_column_inner width=&#8221;1\/2&#8243;]<div class=\"woocommerce columns-2 \"><ul class=\"products\"><li class=\"post-15239 product type-product status-publish has-post-thumbnail product_cat-higrometre first instock featured taxable shipping-taxable purchasable product-type-variable has-default-attributes\">\n\n\t\t\n    <div class=\"top-product-section\">\n\n        <a itemprop=\"url\" href=\"https:\/\/frailedeltiempo.com\/ca\/producte\/fraile-del-tiempo-higrometro\/\" class=\"product-category\">\n            <span class=\"image-wrapper\">\n            <img loading=\"lazy\" decoding=\"async\" width=\"300\" height=\"300\" src=\"https:\/\/frailedeltiempo.com\/wp-content\/uploads\/2018\/01\/TOT-IDEAS-HIGR\u00d3METRO-FRAILE-DEL-TIEMPO-CASTELLANO-REF-40-PRODUCTO-BAJA-1-300x300.jpg\" class=\"attachment-woocommerce_thumbnail size-woocommerce_thumbnail\" alt=\"Higr\u00f2metre Frare del Temps\" srcset=\"https:\/\/frailedeltiempo.com\/wp-content\/uploads\/2018\/01\/TOT-IDEAS-HIGR\u00d3METRO-FRAILE-DEL-TIEMPO-CASTELLANO-REF-40-PRODUCTO-BAJA-1-300x300.jpg 300w, https:\/\/frailedeltiempo.com\/wp-content\/uploads\/2018\/01\/TOT-IDEAS-HIGR\u00d3METRO-FRAILE-DEL-TIEMPO-CASTELLANO-REF-40-PRODUCTO-BAJA-1-150x150.jpg 150w, https:\/\/frailedeltiempo.com\/wp-content\/uploads\/2018\/01\/TOT-IDEAS-HIGR\u00d3METRO-FRAILE-DEL-TIEMPO-CASTELLANO-REF-40-PRODUCTO-BAJA-1-570x570.jpg 570w, https:\/\/frailedeltiempo.com\/wp-content\/uploads\/2018\/01\/TOT-IDEAS-HIGR\u00d3METRO-FRAILE-DEL-TIEMPO-CASTELLANO-REF-40-PRODUCTO-BAJA-1-500x500.jpg 500w, https:\/\/frailedeltiempo.com\/wp-content\/uploads\/2018\/01\/TOT-IDEAS-HIGR\u00d3METRO-FRAILE-DEL-TIEMPO-CASTELLANO-REF-40-PRODUCTO-BAJA-1-600x600.jpg 600w\" sizes=\"auto, (max-width: 300px) 100vw, 300px\" \/>            <\/span>\n        <\/a>\n\n\t\t<span class=\"add-to-cart-button-outer\"><span class=\"add-to-cart-button-inner\"><a href=\"https:\/\/frailedeltiempo.com\/ca\/producte\/fraile-del-tiempo-higrometro\/\" data-quantity=\"1\" class=\"button product_type_variable add_to_cart_button qbutton add-to-cart-button\" data-product_id=\"15239\" data-product_sku=\"40\" aria-label=\"Selecciona opcions per a &ldquo;Higr\u00f2metre Frare del Temps&rdquo;\" rel=\"nofollow\">Selecciona opcions<\/a><\/span><\/span>\n    <\/div>\n        <a itemprop=\"url\" href=\"https:\/\/frailedeltiempo.com\/ca\/producte\/fraile-del-tiempo-higrometro\/\" class=\"product-category product-info\">\n        <h6 itemprop=\"name\">Higr\u00f2metre Frare del Temps<\/h6>\n\n        \n        \n\t<span class=\"price\"><span class=\"woocommerce-Price-amount amount\"><bdi>25,95<span class=\"woocommerce-Price-currencySymbol\">&euro;<\/span><\/bdi><\/span><\/span>\n<div class=\"star-rating\" role=\"img\" aria-label=\"Puntuat amb 4.83 de 5\"><span style=\"width:96.6%\">Puntuat amb <strong class=\"rating\">4.83<\/strong> de 5<\/span><\/div>    <\/a>\n\n    <span class=\"gtm4wp_productdata\" style=\"display:none; visibility:hidden;\" data-gtm4wp_product_data=\"{&quot;internal_id&quot;:15239,&quot;item_id&quot;:&quot;40&quot;,&quot;item_name&quot;:&quot;Higr\\u00f2metre Frare del Temps&quot;,&quot;sku&quot;:&quot;40&quot;,&quot;price&quot;:25.95,&quot;stocklevel&quot;:null,&quot;stockstatus&quot;:&quot;instock&quot;,&quot;google_business_vertical&quot;:&quot;retail&quot;,&quot;item_category&quot;:&quot;Higr\\u00f3metro&quot;,&quot;id&quot;:&quot;40&quot;,&quot;productlink&quot;:&quot;https:\\\/\\\/frailedeltiempo.com\\\/ca\\\/producte\\\/fraile-del-tiempo-higrometro\\\/&quot;,&quot;item_list_name&quot;:&quot;Productes recents&quot;,&quot;index&quot;:1,&quot;product_type&quot;:&quot;variable&quot;,&quot;item_brand&quot;:&quot;&quot;}\"><\/span>\n<\/li><li class=\"post-19451 product type-product status-publish has-post-thumbnail product_cat-higrometre last instock featured taxable shipping-taxable purchasable product-type-simple\">\n\n\t\t\n    <div class=\"top-product-section\">\n\n        <a itemprop=\"url\" href=\"https:\/\/frailedeltiempo.com\/ca\/producte\/fraile-del-tiempo-higrometro-ed-santiago\/\" class=\"product-category\">\n            <span class=\"image-wrapper\">\n            <img loading=\"lazy\" decoding=\"async\" width=\"300\" height=\"300\" src=\"https:\/\/frailedeltiempo.com\/wp-content\/uploads\/2018\/02\/Tot-Ideas-Higrometro-Fraile-Del-Tiempo-Santiago-castellano-Ref-60-300x300.png\" class=\"attachment-woocommerce_thumbnail size-woocommerce_thumbnail\" alt=\"Higr\u00f2metre Frare del Temps - Santiago Compostela\" srcset=\"https:\/\/frailedeltiempo.com\/wp-content\/uploads\/2018\/02\/Tot-Ideas-Higrometro-Fraile-Del-Tiempo-Santiago-castellano-Ref-60-300x300.png 300w, https:\/\/frailedeltiempo.com\/wp-content\/uploads\/2018\/02\/Tot-Ideas-Higrometro-Fraile-Del-Tiempo-Santiago-castellano-Ref-60-150x150.png 150w, https:\/\/frailedeltiempo.com\/wp-content\/uploads\/2018\/02\/Tot-Ideas-Higrometro-Fraile-Del-Tiempo-Santiago-castellano-Ref-60-570x570.png 570w, https:\/\/frailedeltiempo.com\/wp-content\/uploads\/2018\/02\/Tot-Ideas-Higrometro-Fraile-Del-Tiempo-Santiago-castellano-Ref-60-500x500.png 500w, https:\/\/frailedeltiempo.com\/wp-content\/uploads\/2018\/02\/Tot-Ideas-Higrometro-Fraile-Del-Tiempo-Santiago-castellano-Ref-60-100x100.png 100w\" sizes=\"auto, (max-width: 300px) 100vw, 300px\" \/>            <\/span>\n        <\/a>\n\n\t\t<span class=\"add-to-cart-button-outer\"><span class=\"add-to-cart-button-inner\"><a href=\"\/ca\/wp-json\/wp\/v2\/pages\/15229?add-to-cart=19451\" data-quantity=\"1\" class=\"button product_type_simple add_to_cart_button ajax_add_to_cart qbutton add-to-cart-button\" data-product_id=\"19451\" data-product_sku=\"60\" aria-label=\"Afegeix a la cistella: &ldquo;Higr\u00f2metre Frare del Temps - Santiago Compostela&rdquo;\" rel=\"nofollow\" data-success_message=\"&ldquo;Higr\u00f2metre Frare del Temps - Santiago Compostela&rdquo; s&#039;ha afegit a la vostra cistella\" role=\"button\">Afegeix a la cistella<\/a><\/span><\/span>\n    <\/div>\n        <a itemprop=\"url\" href=\"https:\/\/frailedeltiempo.com\/ca\/producte\/fraile-del-tiempo-higrometro-ed-santiago\/\" class=\"product-category product-info\">\n        <h6 itemprop=\"name\">Higr\u00f2metre Frare del Temps &#8211; Santiago Compostela<\/h6>\n\n        \n        \n\t<span class=\"price\"><span class=\"woocommerce-Price-amount amount\"><bdi>25,95<span class=\"woocommerce-Price-currencySymbol\">&euro;<\/span><\/bdi><\/span><\/span>\n<div class=\"star-rating\" role=\"img\" aria-label=\"Puntuat amb 5.00 de 5\"><span style=\"width:100%\">Puntuat amb <strong class=\"rating\">5.00<\/strong> de 5<\/span><\/div>    <\/a>\n\n    <span class=\"gtm4wp_productdata\" style=\"display:none; visibility:hidden;\" data-gtm4wp_product_data=\"{&quot;internal_id&quot;:19451,&quot;item_id&quot;:&quot;60&quot;,&quot;item_name&quot;:&quot;Higr\\u00f2metre Frare del Temps - Santiago Compostela&quot;,&quot;sku&quot;:&quot;60&quot;,&quot;price&quot;:25.95,&quot;stocklevel&quot;:null,&quot;stockstatus&quot;:&quot;instock&quot;,&quot;google_business_vertical&quot;:&quot;retail&quot;,&quot;item_category&quot;:&quot;Higr\\u00f3metro&quot;,&quot;id&quot;:&quot;60&quot;,&quot;productlink&quot;:&quot;https:\\\/\\\/frailedeltiempo.com\\\/ca\\\/producte\\\/fraile-del-tiempo-higrometro-ed-santiago\\\/&quot;,&quot;item_list_name&quot;:&quot;Productes recents&quot;,&quot;index&quot;:2,&quot;product_type&quot;:&quot;simple&quot;,&quot;item_brand&quot;:&quot;&quot;}\"><\/span>\n<\/li><\/ul>\n<\/div>[\/vc_column_inner][vc_column_inner width=&#8221;1\/2&#8243;][vc_video link=&#8221;https:\/\/www.youtube.com\/watch?v=uVLTVU8thLo&#8221; css=&#8221;.vc_custom_1544612992375{margin-top: 0px !important;padding-top: 15px !important;}&#8221;][\/vc_column_inner][\/vc_row_inner][vc_separator type=&#8221;transparent&#8221; up=&#8221;-35&#8243; down=&#8221;0&#8243;][\/vc_column][\/vc_row][vc_row css_animation=&#8221;&#8221; row_type=&#8221;row&#8221; use_row_as_full_screen_section=&#8221;no&#8221; type=&#8221;grid&#8221; angled_section=&#8221;no&#8221; text_align=&#8221;left&#8221; background_image_as_pattern=&#8221;without_pattern&#8221; background_color=&#8221;#ffffff&#8221; padding_top=&#8221;40&#8243; z_index=&#8221;&#8221;][vc_column width=&#8221;2\/3&#8243;][vc_row_inner row_type=&#8221;row&#8221; type=&#8221;full_width&#8221; text_align=&#8221;left&#8221; css_animation=&#8221;&#8221;][vc_column_inner][vc_separator type=&#8221;transparent&#8221; up=&#8221;12&#8243; down=&#8221;0&#8243;][vc_column_text]<\/p>\n<h2 style=\"text-align: left;\">HIST\u00d2RIA<\/h2>\n<p>[\/vc_column_text][vc_separator type=&#8221;small&#8221; position=&#8221;left&#8221; up=&#8221;7&#8243; down=&#8221;38&#8243;][vc_column_text]<\/p>\n<p><span id=\"result_box\" class=\"\" lang=\"ca\" tabindex=\"-1\"><span class=\"\">Assegut<\/span>, amb <span class=\"\">un llibre<\/span> <span class=\"\">obert<\/span> a les mans i la bola del m\u00f3n als seus peus, el FRARE <span class=\"\">DEL TEMPS<\/span> <span class=\"\">prediu<\/span> el temps que far\u00e0 dem\u00e0.<\/span><\/p>\n<p>El popular higr\u00f2metre FRAILE DEL TEMPS, creat el 1894, ha estat, i \u00e9s encara, un dels previsors del temps m\u00e9s reconeguts que es segueix comercialitzant.[\/vc_column_text][vc_separator type=&#8221;transparent&#8221; up=&#8221;41&#8243; down=&#8221;0&#8243;]<a  itemprop=\"url\" href=\"\/historia\" target=\"_self\"  class=\"qbutton  left default\" style=\"\">Llegir m\u00e9s<\/a>[vc_separator type=&#8221;transparent&#8221; up=&#8221;59&#8243; down=&#8221;0&#8243;][\/vc_column_inner][\/vc_row_inner][\/vc_column][vc_column width=&#8221;1\/3&#8243;][vc_single_image image=&#8221;15539&#8243; img_size=&#8221;full&#8221; alignment=&#8221;center&#8221; qode_css_animation=&#8221;element_from_left&#8221; transition_delay=&#8221;0.3&#8243;][vc_separator type=&#8221;transparent&#8221; up=&#8221;21&#8243; down=&#8221;0&#8243;][\/vc_column][\/vc_row][vc_row css_animation=&#8221;&#8221; row_type=&#8221;row&#8221; use_row_as_full_screen_section=&#8221;no&#8221; type=&#8221;grid&#8221; angled_section=&#8221;no&#8221; text_align=&#8221;left&#8221; background_image_as_pattern=&#8221;without_pattern&#8221; background_color=&#8221;#ffffff&#8221; padding_top=&#8221;40&#8243; padding_bottom=&#8221;40&#8243; z_index=&#8221;&#8221;][vc_column width=&#8221;1\/3&#8243;][vc_row_inner row_type=&#8221;row&#8221; type=&#8221;full_width&#8221; text_align=&#8221;right&#8221; css_animation=&#8221;&#8221;][vc_column_inner][vc_single_image image=&#8221;15533&#8243; img_size=&#8221;full&#8221; alignment=&#8221;center&#8221; qode_css_animation=&#8221;element_from_left&#8221; transition_delay=&#8221;0.3&#8243;][vc_separator type=&#8221;transparent&#8221; up=&#8221;21&#8243; down=&#8221;0&#8243;][\/vc_column_inner][\/vc_row_inner][\/vc_column][vc_column width=&#8221;2\/3&#8243;][vc_separator type=&#8221;transparent&#8221; up=&#8221;12&#8243; down=&#8221;0&#8243;][vc_column_text]<\/p>\n<h2 style=\"text-align: left;\">FUNCIONAMENT DEL FRARE DEL TEMPS<\/h2>\n<p>[\/vc_column_text][vc_separator type=&#8221;small&#8221; position=&#8221;left&#8221; up=&#8221;7&#8243; down=&#8221;38&#8243;][vc_column_text]<span id=\"result_box\" class=\"\" lang=\"ca\" tabindex=\"-1\"><span class=\"\">El Frare<\/span> del Temps assenyala amb la seva m\u00e0 el temps que far\u00e0 les pr\u00f2ximes hores (<span class=\"\">marcat<\/span> a la columna de dalt a baix -SEC, REVOLT, VENT, BO, INSEGUR, VENT\u00d3S, HUMIT i PLUJA-<span class=\"\">)<\/span>. <span class=\"\">Acompanya<\/span> al moviment del bra\u00e7 la caputxa, que cobrir\u00e0 el cap en funci\u00f3 de la <span class=\"\">predicci\u00f3.<\/span><\/span>[\/vc_column_text][vc_separator type=&#8221;transparent&#8221; up=&#8221;41&#8243; down=&#8221;0&#8243;]<a  itemprop=\"url\" href=\"\/como-funciona\" target=\"_self\"  class=\"qbutton  default\" style=\"\">Llegir m\u00e9s<\/a>[vc_separator type=&#8221;transparent&#8221; up=&#8221;59&#8243; down=&#8221;0&#8243;][\/vc_column][\/vc_row][vc_row css_animation=&#8221;&#8221; row_type=&#8221;row&#8221; use_row_as_full_screen_section=&#8221;no&#8221; type=&#8221;full_width&#8221; angled_section=&#8221;no&#8221; text_align=&#8221;left&#8221; background_image_as_pattern=&#8221;without_pattern&#8221;][vc_column][vc_column_text]<\/p>\n<p>&nbsp;<\/p>\n<p>[\/vc_column_text][\/vc_column][\/vc_row][vc_row css_animation=&#8221;&#8221; row_type=&#8221;row&#8221; use_row_as_full_screen_section=&#8221;no&#8221; type=&#8221;full_width&#8221; angled_section=&#8221;no&#8221; text_align=&#8221;center&#8221; background_image_as_pattern=&#8221;without_pattern&#8221; z_index=&#8221;&#8221;][vc_column][vc_separator type=&#8221;transparent&#8221; up=&#8221;94&#8243; down=&#8221;0&#8243;]<div class=\"call_to_action normal\" style=\"\"><div class=\"container_inner\"><div class=\"two_columns_75_25 clearfix\"><div class=\"text_wrapper column1\"><div class=\"call_to_action_text \" style=\"\">\u00bfTienes una tienda y te gustar\u00eda vender el Fraile del Tiempo?<\/div><\/div><div class=\"button_wrapper column2\"><a itemprop=\"url\" href=\"\/area-tiendas\" class=\"qbutton white large\" target=\"\" style=\"\">\u00a1Cont\u00e1ctanos!<\/a><\/div><\/div><\/div><\/div>[\/vc_column][\/vc_row]<\/p>\n<\/div>","protected":false},"excerpt":{"rendered":"<p>[vc_row css_animation=&#8221;&#8221; row_type=&#8221;row&#8221; use_row_as_full_screen_section=&#8221;no&#8221; type=&#8221;grid&#8221; angled_section=&#8221;no&#8221; text_align=&#8221;left&#8221; background_image_as_pattern=&#8221;without_pattern&#8221; background_color=&#8221;#ffffff&#8221; padding_top=&#8221;87&#8243; padding_bottom=&#8221;34&#8243;][vc_column][vc_column_text] El centenari i fiable Frare del Temps [\/vc_column_text][vc_separator type=&#8221;small&#8221; position=&#8221;center&#8221; up=&#8221;7&#8243; down=&#8221;38&#8243;][vc_column_text] \u00a1Descobreix les diferents edicions del Frare del Temps i regala&#8217;t la que m\u00e9s t&#8217;agradi! [\/vc_column_text][vc_separator type=&#8221;transparent&#8221; up=&#8221;35&#8243; down=&#8221;22&#8243;][vc_row_inner row_type=&#8221;row&#8221; type=&#8221;full_width&#8221; text_align=&#8221;left&#8221; css_animation=&#8221;&#8221;][vc_column_inner&#8230;<\/p>\n","protected":false},"author":1,"featured_media":0,"parent":0,"menu_order":0,"comment_status":"open","ping_status":"open","template":"full_width.php","meta":{"_joinchat":[],"footnotes":""},"class_list":["post-15229","page","type-page","status-publish","hentry"],"_links":{"self":[{"href":"https:\/\/frailedeltiempo.com\/ca\/wp-json\/wp\/v2\/pages\/15229","targetHints":{"allow":["GET"]}}],"collection":[{"href":"https:\/\/frailedeltiempo.com\/ca\/wp-json\/wp\/v2\/pages"}],"about":[{"href":"https:\/\/frailedeltiempo.com\/ca\/wp-json\/wp\/v2\/types\/page"}],"author":[{"embeddable":true,"href":"https:\/\/frailedeltiempo.com\/ca\/wp-json\/wp\/v2\/users\/1"}],"replies":[{"embeddable":true,"href":"https:\/\/frailedeltiempo.com\/ca\/wp-json\/wp\/v2\/comments?post=15229"}],"version-history":[{"count":12,"href":"https:\/\/frailedeltiempo.com\/ca\/wp-json\/wp\/v2\/pages\/15229\/revisions"}],"predecessor-version":[{"id":16205,"href":"https:\/\/frailedeltiempo.com\/ca\/wp-json\/wp\/v2\/pages\/15229\/revisions\/16205"}],"wp:attachment":[{"href":"https:\/\/frailedeltiempo.com\/ca\/wp-json\/wp\/v2\/media?parent=15229"}],"curies":[{"name":"wp","href":"https:\/\/api.w.org\/{rel}","templated":true}]}}