{"id":15254,"date":"2018-02-21T09:57:46","date_gmt":"2018-02-21T08:57:46","guid":{"rendered":"http:\/\/frailedeltiempo.com\/condiciones-generales\/"},"modified":"2021-09-16T20:31:21","modified_gmt":"2021-09-16T18:31:21","slug":"condiciones-generales","status":"publish","type":"page","link":"https:\/\/frailedeltiempo.com\/ca\/condiciones-generales\/","title":{"rendered":"Condicions generals"},"content":{"rendered":"<div class=\"wpb-content-wrapper\"><p>[vc_row css_animation=&#8221;&#8221; row_type=&#8221;row&#8221; use_row_as_full_screen_section=&#8221;no&#8221; type=&#8221;grid&#8221; angled_section=&#8221;no&#8221; text_align=&#8221;left&#8221; background_image_as_pattern=&#8221;without_pattern&#8221; padding_top=&#8221;70px&#8221; padding_bottom=&#8221;70px&#8221; z_index=&#8221;&#8221;][vc_column][vc_column_text]El titular del lloc web <strong>frailedeltiempo.com<\/strong> \u00e9s Totideas S.L. B17486564<\/p>\n<p>Les compres efectuades a <strong>frailedeltiempo.com<\/strong>\u00a0queden\u00a0<span id=\"result_box\" class=\"\" lang=\"ca\"><span class=\"\">sotmeses a<\/span> les condicions generals de compra aqu\u00ed detallades en el moment de <span class=\"\">tramitar la seva<\/span> comanda. La formalitzaci\u00f3 d&#8217;una comanda comporta l&#8217;\u00edntegra <span class=\"\">acceptaci\u00f3 d&#8217;aquestes<\/span>. Les presents condicions de compra han estat exposades amb la deguda <span class=\"\">anticipaci\u00f3<\/span><span class=\"\">, d&#8217;acord<\/span> <span class=\"\">amb<\/span> <span class=\"\">la legislaci\u00f3<\/span> <span class=\"\">vigent.<\/span><\/span><\/p>\n<h3><strong>Compliment del contracte<\/strong><\/h3>\n<p>La informaci\u00f3 relativa a la disponibilitat d&#8217;un art\u00edcle est\u00e0 subjeta a canvis sense av\u00eds previ i dep\u00e8n de la demanda de nostres clients i de les nostres exist\u00e8ncies.<\/p>\n<p><strong>frailedeltiempo.com<\/strong> es reserva el dret d&#8217;anul\u00b7lar totes aquelles comandes efectuades en base a errors tipogr\u00e0fics o aritm\u00e8tics.<\/p>\n<h3><strong>Termini d&#8217;enviament 24 h.<\/strong><\/h3>\n<p><span id=\"result_box\" class=\"\" lang=\"ca\">Termini de lliurament habitual a la pen\u00ednsula \u00e9s de 24 hores laborals, <\/span>es pot estendre a 48 hores per motius del transportista, des de la sortida dels nostres magatzems (de dilluns a divendres i en dies h\u00e0bils).<\/p>\n<p>Si la comanda \u00e9s a les Illes Balears ser\u00e0 aproximadament de 72 hores des de la sortida dels nostres magatzems.<\/p>\n<p><span data-language-for-alternatives=\"ca\" data-language-to-translate-into=\"es\" data-phrase-index=\"38\">Si<\/span> la comanda \u00e9s a les Illes Can\u00e0ries ser\u00e0 aproximadament de 7\/10 dies des de la sortida dels nostres magatzems.<\/p>\n<p>Les comandes realitzades a partir de les 16:00, seran registrades per al dia seg\u00fcent.<\/p>\n<p><span id=\"result_box\" class=\"\" lang=\"ca\">Quan s&#8217;efectua una comanda, <strong>frailedeltiempo.com<\/strong> estima un termini de lliurament basat en la <span class=\"\">disponibilitat<\/span> d&#8217;<span class=\"\">exist\u00e8ncies.<\/span> Si no disposem del material al magatzem el termini de lliurament pot <span class=\"\">variar<\/span> i <span class=\"\">sempre<\/span> enviarem un correu electr\u00f2nic previ al client perqu\u00e8 doni la seva <span class=\"\">conformitat.<\/span><\/span><\/p>\n<h3><strong>Cost d&#8217;enviaments<br \/>\n<\/strong><\/h3>\n<div id=\"gt-res-content\">\n<div id=\"gt-res-dir-ctr\" class=\"trans-verified-button-small\" dir=\"ltr\"><span id=\"result_box\" class=\"\" lang=\"ca\"><span class=\"\">E<\/span><span class=\"\">ls<\/span> <span class=\"\">enviaments a pen\u00ednsula es<\/span> <span class=\"\">realitzen<\/span> mitjan\u00e7ant servei per ag\u00e8ncia de missatgeria o recollida <span class=\"\">a les nostres instal\u00b7lacions.<\/span><\/span><\/div>\n<\/div>\n<p>Les despeses son de <strong>4,00 Euros<\/strong> per als enviaments a la pen\u00ednsula. (IVA Incl\u00f2s). Aquest preu es total per enviament, <span id=\"result_box\" class=\"short_text\" lang=\"ca\"><span class=\"\">sent<\/span> <span class=\"\">d&#8217;un o m\u00e9s<\/span> productes a enviar<\/span>.<\/p>\n<p>ENVIAMENTS <strong>GRATIS<\/strong> per les comandes d&#8217;import de <strong>compra superior als 60 Euros<\/strong>.<\/p>\n<p>Per als enviaments a les Illes Balears les despeses son de 6,00 Euros. Gratis amb compra superior a 80 Euros<\/p>\n<p>Per als enviaments a les Illes Can\u00e0ries les despeses son de 8,00 Euros. Gratis amb compra superior a 120 Euros.<\/p>\n<p>Les despeses del despatx de duanes i <span data-language-for-alternatives=\"ca\" data-language-to-translate-into=\"es\" data-phrase-index=\"5\">altres despeses en<\/span> destinaci\u00f3 no estan inclosos en el preu de l&#8217;article ni en l&#8217;enviament, i ha de pagar en dest\u00ed pel comprador de la mercaderia.<\/p>\n<h3><strong>Formes de Pagament<\/strong><\/h3>\n<p>Targeta de d\u00e8bit o cr\u00e8dit, ingr\u00e9s o transfer\u00e8ncia banc\u00e0ria, i Paypal.<\/p>\n<h3><strong>Impostos<\/strong><\/h3>\n<p><strong>frailedeltiempo.com<\/strong> <span id=\"result_box\" class=\"\" lang=\"ca\"><span class=\"\">aplica els<\/span> <span class=\"\">impostos<\/span> <span class=\"\">segons estableix la<\/span> legislaci\u00f3 <span class=\"\">vigent.<\/span> Tots <span class=\"\">els<\/span> <span class=\"\">articles<\/span> exposats <span class=\"\">inclouen l&#8217;Impost<\/span> sobre el Valor Afegit (IVA)<span class=\"\">, aplicat<\/span> <span class=\"\">com a regla<\/span> general del 21% per tot el territori <span class=\"\">espanyol.<\/span><\/span><\/p>\n<p><span id=\"result_box\" class=\"\" lang=\"ca\">Can\u00e0ries, Ceuta i Melilla, pel seu r\u00e8gim fiscal, s\u00f3n considerats territoris <span class=\"\">extracomunitaris<\/span> i els residents d&#8217;aquests territoris estan exempts del pagament de l&#8217;IVA (<span class=\"\">les despeses<\/span> del despatx de duanes i els impostos d&#8217;importaci\u00f3 no <span class=\"\">estan inclosos en el<\/span> <span class=\"\">preu de l&#8217;article<\/span> ni en l&#8217; enviament, i s&#8217;hauran de pagar en dest\u00ed pel comprador <span class=\"\">de la mercaderia<\/span>).<\/span><\/p>\n<h3><strong>Devolucions<\/strong><\/h3>\n<p>Es <span id=\"result_box\" class=\"\" lang=\"ca\">pot procedir a la devoluci\u00f3 del producte <span class=\"\">comprat<\/span>. Contactar amb nosaltres <strong>abans dels 7 dies<\/strong> des de la recepci\u00f3 del producte enviant un correu electr\u00f2nic a frailedeltiempo@totideas.com o trucant al tel\u00e8fon 937964400 perqu\u00e8 <span class=\"\">pugui<\/span> donar-se la informaci\u00f3 i autoritzaci\u00f3 a enviar-nos el producte pel mitj\u00e0 que vost\u00e8 tri\u00ef. Per\u00f2 haur\u00e0 de pagar les despeses d&#8217;enviament. Ser\u00e0 <strong>imprescindible presentar la factura de la comanda<\/strong> juntament amb l&#8217;article sense utilitzar i en l&#8217;embalatge <span class=\"\">original i<\/span> li retornarem els diners pel mateix mitj\u00e0 amb el qual va realitzar el pagament. No <span class=\"\">retornarem l&#8217;import<\/span> o farem cap reenviament de mercaderia fins que no es verifiqui <span class=\"\">la recepci\u00f3 i<\/span> el bon estat de l&#8217;embalatge de l&#8217;article o canvi en els nostres magatzems. <span class=\"\">El preu a<\/span> tornar \u00e9s el del producte que originalment figurava en la comanda, <span class=\"\">excepte les despeses<\/span> de transport. (Art. 44 de la llei 7\/1996, de 15 de gener, d&#8217;Ordenaci\u00f3 del <span class=\"\">Comer\u00e7 Minorista<\/span><span class=\"\">)<\/span><span class=\"\">.<\/span><\/span><\/p>\n<h3><strong>Garantia<\/strong><\/h3>\n<p><span id=\"result_box\" class=\"\" lang=\"ca\">Tots els productes oferts per <strong>frailedeltiempo.com<\/strong> estan subjectes a les garanties de fabricaci\u00f3 que siguin d&#8217;aplicaci\u00f3 per llei. Queda exclosa la garantia en aquells productes que, un cop lliurats al comprador, hagin rebut alguna deterioraci\u00f3 per fets externs, accidents, etc. O si resulten danyats per \u00fas <span class=\"\">indegut.<\/span><\/span><\/p>\n<h3><strong>Declaraci\u00f3 de garantia<\/strong><\/h3>\n<p><strong>Frailedeltiempo.com<\/strong>\u00a0garantitza al comprador original que els nostres productes estan lliures de defectes per la m\u00e0 d&#8217;obra o materials en males condicions, <span id=\"result_box\" class=\"\" lang=\"ca\">i un \u00fas adequat per un <span class=\"\">per\u00edode de 12<\/span> mesos. Aquesta garantia no cobreix els defectes que resultin de l&#8217;\u00fas o maneig <span class=\"\">inadequat<\/span>, neglig\u00e8ncia, temperatures extremes, emmagatzematge incorrecte <span class=\"\">o alteracions<\/span> del producte. L&#8217;\u00fas i desgast normal, i la descomposici\u00f3 natural dels <span class=\"\">materials<\/span> tamb\u00e9 estan exclosos. <\/span><\/p>\n<p><span id=\"result_box\" class=\"\" lang=\"ca\">La garantia ser\u00e0 nul\u00b7la si no s&#8217;han seguit amb cura les <span class=\"\">instruccions<\/span> d&#8217;\u00fas.<\/span><\/p>\n<p>Si un dels nostres productes falla <span class=\"\">durant<\/span> el per\u00edode de garantia a causa d&#8217;un defecte en els materials o la m\u00e0 d&#8217;obra, ser\u00e0 a <span class=\"\">la nostra<\/span> discreci\u00f3, la seva reparaci\u00f3 o reempla\u00e7ar la pe\u00e7a <span class=\"\">defectuosa<\/span><span class=\"\">.<\/span><\/p>\n<p><span id=\"result_box\" class=\"\" lang=\"ca\">Aquesta garantia exclou tota reclamaci\u00f3 a qualsevol incident o p\u00e8rdues ocasionals <span class=\"\">als b\u00e9ns<\/span> <span class=\"\">personals o<\/span> conseq\u00fcents danys de qualsevol tipus. Els productes han de ser <span class=\"\">enviats<\/span> <span class=\"\">ports pagats a<\/span> <strong>frailedeltiempo.com<\/strong>.<\/span><\/p>\n<p><strong>Frailedeltiempo.com<\/strong> <span class=\"\">examinar\u00e0 els<\/span> productes i l&#8217;informar\u00e0 de l&#8217;exist\u00e8ncia d&#8217;un defecte de material o m\u00e0 d&#8217;obra. En el cas de garantia, <strong>frailedeltiempo.com<\/strong> procedir\u00e0, al seu propi c\u00e0rrec i discreci\u00f3<span class=\"\">, a la reparaci\u00f3<\/span> o reempla\u00e7ar\u00e0 els productes amb el mateix o producte similar.<\/p>\n<p>Envia un correu electr\u00f2nic a frailedeltiempo<span class=\"\">@totideas.com<\/span> perqu\u00e8 pugui autoritzar-se, procedir i indicar la forma de realitzar la <span class=\"\">devoluci\u00f3.<\/span> Sense aquesta autoritzaci\u00f3, el producte no ser\u00e0 acceptat i ser\u00e0 retornat <span class=\"\">al seu origen.<\/span><\/p>\n<h3><strong>Declaraci\u00f3 de Privacitat<\/strong><\/h3>\n<p><span id=\"result_box\" class=\"\" lang=\"ca\"><span title=\"Juguetix.com se compromete a cumplir todas nuestras obligaciones con nuestros clientes y proteger sus datos y s\u00f3lo para recoger, utilizar y revelar que para fines autorizados.\"><strong>Frailedeltiempo.com<\/strong> es compromet a complir totes les nostres obligacions amb els nostres clients i protegir les seves dades i nom\u00e9s per recollir, utilitzar i revelar per a fins autoritzats. \u00a0 <\/span><span title=\"Juguetix.com est\u00e1 igualmente comprometido a acatar la legislaci\u00f3n espa\u00f1ola reflejada en la Ley Org\u00e1nica 15\/1999, del 13 de diciembre, de protecci\u00f3n de datos de car\u00e1cter personal. \"><span title=\"Juguetix.com se compromete a cumplir todas nuestras obligaciones con nuestros clientes y proteger sus datos y s\u00f3lo para recoger, utilizar y revelar que para fines autorizados.\"><strong>Frailedeltiempo.com<\/strong><\/span> est\u00e0 igualment comprom\u00e8s a acatar la legislaci\u00f3 espanyola reflectida en la Llei Org\u00e0nica 15\/1999, de 13 de desembre, de protecci\u00f3 de dades de car\u00e0cter personal.<\/span><\/span><\/p>\n<p><span title=\"Cuando Juguetix.com procesa la informaci\u00f3n de identificaci\u00f3n personal en su propio nombre, juguetix.com cumple con las pr\u00e1cticas apropiadas de informaci\u00f3n privada, incluyendo, avisos, elecci\u00f3n, autorizaci\u00f3n y control, imparcialidad e integridad, seg\u00fan lo dispuesto por las normas jur\u00eddicas y de\">Quan <span title=\"Juguetix.com se compromete a cumplir todas nuestras obligaciones con nuestros clientes y proteger sus datos y s\u00f3lo para recoger, utilizar y revelar que para fines autorizados.\"><strong>Frailedeltiempo.com<\/strong><\/span> processa la informaci\u00f3 d&#8217;identificaci\u00f3 personal en el seu propi nom, <strong>f<\/strong><span title=\"Juguetix.com se compromete a cumplir todas nuestras obligaciones con nuestros clientes y proteger sus datos y s\u00f3lo para recoger, utilizar y revelar que para fines autorizados.\"><strong>railedeltiempo.com<\/strong><\/span> compleix amb les pr\u00e0ctiques apropiades d&#8217;informaci\u00f3 privada, incloent, avisos, elecci\u00f3, autoritzaci\u00f3 i control, imparcialitat i integritat, segons el disposat per les normes jur\u00eddiques i de <\/span><span title=\"industria aplicables. \">ind\u00fastria aplicables.<\/span><\/p>\n<p><span title=\"Juguetix.com puede utilizar cookies.\"><span title=\"Juguetix.com se compromete a cumplir todas nuestras obligaciones con nuestros clientes y proteger sus datos y s\u00f3lo para recoger, utilizar y revelar que para fines autorizados.\"><strong>Frailedeltiempo.com<\/strong><\/span> pot utilitzar cookies. <\/span><span title=\"Un cookie es un peque\u00f1o archivo de datos que algunos sitios Web escriben en su disco duro cuando usted los visita.\">Un cookie \u00e9s un petit arxiu de dades que alguns llocs web escriuen en el seu disc dur quan vost\u00e8 els visita. <\/span><span title=\"Un archivo cookie puede contener informaci\u00f3n como un ID de usuario que el sitio utiliza para rastrear las p\u00e1ginas que ha visitado, pero la \u00fanica informaci\u00f3n personal que un cookie puede contener es informaci\u00f3n que usted mismo suministra.\">Un arxiu cookie pot contenir informaci\u00f3 com un ID d&#8217;usuari que el lloc utilitza per a rastrejar les p\u00e0gines que ha visitat, per\u00f2 l&#8217;\u00fanica informaci\u00f3 personal que un cookie pot contenir \u00e9s informaci\u00f3 que vost\u00e8 mateix subministra.<\/span><\/p>\n<p><span id=\"result_box\" class=\"\" lang=\"ca\"><span title=\"Juguetix.com puede utilizar cookies.\"><span title=\"Juguetix.com se compromete a cumplir todas nuestras obligaciones con nuestros clientes y proteger sus datos y s\u00f3lo para recoger, utilizar y revelar que para fines autorizados.\"><strong>Frailedeltiempo.com<\/strong><\/span><\/span> no correlaciona aquesta informaci\u00f3 amb dades sobre els usuaris individuals, ni comparteix aquesta informaci\u00f3 o ho ven a tercers. Si prefereix no rebre cookies, pot configurar el seu navegador perqu\u00e8 l&#8217;avisi abans d&#8217;acceptar cookies i rebutjar la cookie quan el seu navegador li alerti de la seva pres\u00e8ncia. Tamb\u00e9 pot rebutjar totes les cookies desactivant-les al seu navegador.<\/span><\/p>\n<p>D&#8217;acord amb el que estableix la Llei Org\u00e0nica 15\/1999, de 13 de desembre, de protecci\u00f3 de dades de car\u00e0cter personal, l&#8217;usuari de <span title=\"Cuando Juguetix.com procesa la informaci\u00f3n de identificaci\u00f3n personal en su propio nombre, juguetix.com cumple con las pr\u00e1cticas apropiadas de informaci\u00f3n privada, incluyendo, avisos, elecci\u00f3n, autorizaci\u00f3n y control, imparcialidad e integridad, seg\u00fan lo dispuesto por las normas jur\u00eddicas y de\"><strong>f<\/strong><span title=\"Juguetix.com se compromete a cumplir todas nuestras obligaciones con nuestros clientes y proteger sus datos y s\u00f3lo para recoger, utilizar y revelar que para fines autorizados.\"><strong>railedeltiempo.com<\/strong><\/span><\/span> podr\u00e0, en tot moment, exercitar el seu dret d&#8217;acc\u00e9s, rectificaci\u00f3, cancel\u00b7laci\u00f3 i revocaci\u00f3 del consentiment per a la protecci\u00f3 de les seves dades en els termes previstos en aquesta llei. <span class=\"\">Per fer-ho<\/span>, l&#8217;usuari nom\u00e9s haur\u00e0 d&#8217;comunicar-ho per escrit a l&#8217;adre\u00e7a de correu electr\u00f2nic<span class=\"\">: <\/span>frailedeltiempo@totideas.com.[\/vc_column_text][vc_separator type=&#8221;transparent&#8221; down=&#8221;80&#8243;][\/vc_column][\/vc_row]<\/p>\n<\/div>","protected":false},"excerpt":{"rendered":"<p>[vc_row css_animation=&#8221;&#8221; row_type=&#8221;row&#8221; use_row_as_full_screen_section=&#8221;no&#8221; type=&#8221;grid&#8221; angled_section=&#8221;no&#8221; text_align=&#8221;left&#8221; background_image_as_pattern=&#8221;without_pattern&#8221; padding_top=&#8221;70px&#8221; padding_bottom=&#8221;70px&#8221; z_index=&#8221;&#8221;][vc_column][vc_column_text]El titular del lloc web frailedeltiempo.com \u00e9s Totideas S.L. B17486564 Les compres efectuades a frailedeltiempo.com\u00a0queden\u00a0sotmeses a les condicions generals de compra aqu\u00ed detallades en el moment de tramitar la seva comanda. La formalitzaci\u00f3 d&#8217;una comanda&#8230;<\/p>\n","protected":false},"author":1,"featured_media":0,"parent":0,"menu_order":0,"comment_status":"closed","ping_status":"closed","template":"full_width.php","meta":{"_joinchat":[],"footnotes":""},"class_list":["post-15254","page","type-page","status-publish","hentry"],"_links":{"self":[{"href":"https:\/\/frailedeltiempo.com\/ca\/wp-json\/wp\/v2\/pages\/15254","targetHints":{"allow":["GET"]}}],"collection":[{"href":"https:\/\/frailedeltiempo.com\/ca\/wp-json\/wp\/v2\/pages"}],"about":[{"href":"https:\/\/frailedeltiempo.com\/ca\/wp-json\/wp\/v2\/types\/page"}],"author":[{"embeddable":true,"href":"https:\/\/frailedeltiempo.com\/ca\/wp-json\/wp\/v2\/users\/1"}],"replies":[{"embeddable":true,"href":"https:\/\/frailedeltiempo.com\/ca\/wp-json\/wp\/v2\/comments?post=15254"}],"version-history":[{"count":14,"href":"https:\/\/frailedeltiempo.com\/ca\/wp-json\/wp\/v2\/pages\/15254\/revisions"}],"predecessor-version":[{"id":18847,"href":"https:\/\/frailedeltiempo.com\/ca\/wp-json\/wp\/v2\/pages\/15254\/revisions\/18847"}],"wp:attachment":[{"href":"https:\/\/frailedeltiempo.com\/ca\/wp-json\/wp\/v2\/media?parent=15254"}],"curies":[{"name":"wp","href":"https:\/\/api.w.org\/{rel}","templated":true}]}}