{"id":15272,"date":"2018-02-21T09:56:28","date_gmt":"2018-02-21T08:56:28","guid":{"rendered":"http:\/\/frailedeltiempo.com\/devoluciones\/"},"modified":"2018-05-09T12:02:34","modified_gmt":"2018-05-09T10:02:34","slug":"devolucions","status":"publish","type":"page","link":"https:\/\/frailedeltiempo.com\/ca\/devolucions\/","title":{"rendered":"Devolucions"},"content":{"rendered":"<div class=\"wpb-content-wrapper\"><p>[vc_row css_animation=&#8221;&#8221; row_type=&#8221;row&#8221; use_row_as_full_screen_section=&#8221;no&#8221; type=&#8221;grid&#8221; angled_section=&#8221;no&#8221; text_align=&#8221;left&#8221; background_image_as_pattern=&#8221;without_pattern&#8221; z_index=&#8221;&#8221;][vc_column][vc_column_text]<span id=\"result_box\" class=\"\" lang=\"ca\" tabindex=\"-1\">Es pot procedir a la devoluci\u00f3 <span class=\"\">del producte<\/span> <span class=\"\">comprat<\/span><span class=\"\">.<\/span><\/span><\/p>\n<p>Per procedir a la devoluci\u00f3, contactar amb nosaltres <strong>dins dels 7 dies <\/strong><span id=\"result_box\" class=\"\" lang=\"ca\" tabindex=\"-1\"><strong>des de la recepci\u00f3 del producte<\/strong> enviant un correu electr\u00f2nic a frailedeltiempo@totideas.com o trucar al tel\u00e8fon 937964400 perqu\u00e8 pugui donar-se la informaci\u00f3 i autoritzaci\u00f3 a enviar-nos el producte pel mitj\u00e0 que vost\u00e8 tri\u00ef. Per\u00f2 haur\u00e0 de pagar les despeses d&#8217;enviament. <\/span><\/p>\n<p><span id=\"result_box\" class=\"\" lang=\"ca\" tabindex=\"-1\"><strong>Ser\u00e0 imprescindible presentar la factura de la comanda<\/strong> juntament amb l&#8217;article sense utilitzar, i en l&#8217;embalatge original, i li retornarem els diners pel mateix mitj\u00e0 amb el qual va realitzar el pagament. No retornarem l&#8217;import o farem cap reenviament de mercaderia fins que no es verifiqui la recepci\u00f3 i el bon estat de l&#8217;embalatge de l&#8217;article o canvi en els nostres magatzems.<\/span><\/p>\n<p><span id=\"result_box\" class=\"\" lang=\"ca\" tabindex=\"-1\">El preu a tornar \u00e9s el del producte que originalment figurava en la comanda, <span class=\"\">excepte les despeses<\/span> de transport. (Art. 44 de la llei 7\/1996, de 15 de gener, d&#8217;Ordenaci\u00f3 del <span class=\"\">Comer\u00e7 Minorista<\/span><span class=\"\">)<\/span><span class=\"\">.<\/span><\/span>[\/vc_column_text][vc_separator type=&#8221;transparent&#8221; down=&#8221;80&#8243;][\/vc_column][\/vc_row]<\/p>\n<\/div>","protected":false},"excerpt":{"rendered":"<p>[vc_row css_animation=&#8221;&#8221; row_type=&#8221;row&#8221; use_row_as_full_screen_section=&#8221;no&#8221; type=&#8221;grid&#8221; angled_section=&#8221;no&#8221; text_align=&#8221;left&#8221; background_image_as_pattern=&#8221;without_pattern&#8221; z_index=&#8221;&#8221;][vc_column][vc_column_text]Es pot procedir a la devoluci\u00f3 del producte comprat. Per procedir a la devoluci\u00f3, contactar amb nosaltres dins dels 7 dies des de la recepci\u00f3 del producte enviant un correu electr\u00f2nic a frailedeltiempo@totideas.com o trucar al tel\u00e8fon&#8230;<\/p>\n","protected":false},"author":1,"featured_media":0,"parent":0,"menu_order":0,"comment_status":"closed","ping_status":"closed","template":"full_width.php","meta":{"_joinchat":[],"footnotes":""},"class_list":["post-15272","page","type-page","status-publish","hentry"],"_links":{"self":[{"href":"https:\/\/frailedeltiempo.com\/ca\/wp-json\/wp\/v2\/pages\/15272","targetHints":{"allow":["GET"]}}],"collection":[{"href":"https:\/\/frailedeltiempo.com\/ca\/wp-json\/wp\/v2\/pages"}],"about":[{"href":"https:\/\/frailedeltiempo.com\/ca\/wp-json\/wp\/v2\/types\/page"}],"author":[{"embeddable":true,"href":"https:\/\/frailedeltiempo.com\/ca\/wp-json\/wp\/v2\/users\/1"}],"replies":[{"embeddable":true,"href":"https:\/\/frailedeltiempo.com\/ca\/wp-json\/wp\/v2\/comments?post=15272"}],"version-history":[{"count":2,"href":"https:\/\/frailedeltiempo.com\/ca\/wp-json\/wp\/v2\/pages\/15272\/revisions"}],"predecessor-version":[{"id":15771,"href":"https:\/\/frailedeltiempo.com\/ca\/wp-json\/wp\/v2\/pages\/15272\/revisions\/15771"}],"wp:attachment":[{"href":"https:\/\/frailedeltiempo.com\/ca\/wp-json\/wp\/v2\/media?parent=15272"}],"curies":[{"name":"wp","href":"https:\/\/api.w.org\/{rel}","templated":true}]}}