{"id":15881,"date":"2018-06-20T10:37:58","date_gmt":"2018-06-20T08:37:58","guid":{"rendered":"https:\/\/frailedeltiempo.com\/?page_id=15881"},"modified":"2018-06-20T11:27:56","modified_gmt":"2018-06-20T09:27:56","slug":"login-botiga","status":"publish","type":"page","link":"https:\/\/frailedeltiempo.com\/ca\/login-botiga\/","title":{"rendered":"Inici sessi\u00f3"},"content":{"rendered":"<div class=\"wpb-content-wrapper\"><p>[vc_row css_animation=&#8221;&#8221; row_type=&#8221;row&#8221; use_row_as_full_screen_section=&#8221;no&#8221; type=&#8221;full_width&#8221; angled_section=&#8221;no&#8221; text_align=&#8221;left&#8221; background_image_as_pattern=&#8221;without_pattern&#8221; padding_bottom=&#8221;64&#8243; z_index=&#8221;&#8221;][vc_column][vc_column_text]<\/p>\n<h2 style=\"text-align: center;\">Inici sessi\u00f3 \u00c0rea Comer\u00e7os<\/h2>\n<p>[\/vc_column_text][\/vc_column][\/vc_row][vc_row css_animation=&#8221;&#8221; row_type=&#8221;row&#8221; use_row_as_full_screen_section=&#8221;no&#8221; type=&#8221;full_width&#8221; angled_section=&#8221;no&#8221; text_align=&#8221;left&#8221; background_image_as_pattern=&#8221;without_pattern&#8221; padding_bottom=&#8221;64&#8243; z_index=&#8221;&#8221;][vc_column width=&#8221;1\/4&#8243;][\/vc_column][vc_column width=&#8221;1\/2&#8243;][vc_raw_html]JTVCc2ltcGxlLWxvZ2luLWZvcm0lNUQ=[\/vc_raw_html][\/vc_column][vc_column width=&#8221;1\/4&#8243;][\/vc_column][\/vc_row]<\/p>\n<\/div>","protected":false},"excerpt":{"rendered":"<p>[vc_row css_animation=&#8221;&#8221; row_type=&#8221;row&#8221; use_row_as_full_screen_section=&#8221;no&#8221; type=&#8221;full_width&#8221; angled_section=&#8221;no&#8221; text_align=&#8221;left&#8221; background_image_as_pattern=&#8221;without_pattern&#8221; padding_bottom=&#8221;64&#8243; z_index=&#8221;&#8221;][vc_column][vc_column_text] Inici sessi\u00f3 \u00c0rea Comer\u00e7os [\/vc_column_text][\/vc_column][\/vc_row][vc_row css_animation=&#8221;&#8221; row_type=&#8221;row&#8221; use_row_as_full_screen_section=&#8221;no&#8221; type=&#8221;full_width&#8221; angled_section=&#8221;no&#8221; text_align=&#8221;left&#8221; background_image_as_pattern=&#8221;without_pattern&#8221; padding_bottom=&#8221;64&#8243; z_index=&#8221;&#8221;][vc_column width=&#8221;1\/4&#8243;][\/vc_column][vc_column width=&#8221;1\/2&#8243;][vc_raw_html]JTVCc2ltcGxlLWxvZ2luLWZvcm0lNUQ=[\/vc_raw_html][\/vc_column][vc_column width=&#8221;1\/4&#8243;][\/vc_column][\/vc_row]<\/p>\n","protected":false},"author":4,"featured_media":0,"parent":0,"menu_order":0,"comment_status":"closed","ping_status":"closed","template":"","meta":{"_joinchat":[],"footnotes":""},"class_list":["post-15881","page","type-page","status-publish","hentry"],"_links":{"self":[{"href":"https:\/\/frailedeltiempo.com\/ca\/wp-json\/wp\/v2\/pages\/15881","targetHints":{"allow":["GET"]}}],"collection":[{"href":"https:\/\/frailedeltiempo.com\/ca\/wp-json\/wp\/v2\/pages"}],"about":[{"href":"https:\/\/frailedeltiempo.com\/ca\/wp-json\/wp\/v2\/types\/page"}],"author":[{"embeddable":true,"href":"https:\/\/frailedeltiempo.com\/ca\/wp-json\/wp\/v2\/users\/4"}],"replies":[{"embeddable":true,"href":"https:\/\/frailedeltiempo.com\/ca\/wp-json\/wp\/v2\/comments?post=15881"}],"version-history":[{"count":8,"href":"https:\/\/frailedeltiempo.com\/ca\/wp-json\/wp\/v2\/pages\/15881\/revisions"}],"predecessor-version":[{"id":15890,"href":"https:\/\/frailedeltiempo.com\/ca\/wp-json\/wp\/v2\/pages\/15881\/revisions\/15890"}],"wp:attachment":[{"href":"https:\/\/frailedeltiempo.com\/ca\/wp-json\/wp\/v2\/media?parent=15881"}],"curies":[{"name":"wp","href":"https:\/\/api.w.org\/{rel}","templated":true}]}}