{"id":15239,"date":"2018-01-14T12:00:02","date_gmt":"2018-02-20T07:23:02","guid":{"rendered":"http:\/\/frailedeltiempo.com\/product\/frare-del-temps-higrometre\/"},"modified":"2026-02-09T17:39:52","modified_gmt":"2026-02-09T15:39:52","slug":"fraile-del-tiempo-higrometro","status":"publish","type":"product","link":"https:\/\/frailedeltiempo.com\/ca\/producte\/fraile-del-tiempo-higrometro\/","title":{"rendered":"Higr\u00f2metre Frare del Temps"},"content":{"rendered":"<p>El Frare del Temps assenyala amb la seva m\u00e0 el temps que far\u00e0 les properes hores, marcat a la columna de dalt a baix -SEC, REVOLT, VENT, BO, INSEGUR, VENT\u00d3S, HUMIT y PLUJA-.<\/p>\n<p>Acompanya al moviment del bra\u00e7 la caputxa, que cobrir\u00e0 el cap en funci\u00f3 de la predicci\u00f3.<\/p>\n<p>Ha de col\u00b7locar-se en un lloc sec i ventilat, per que lliure de la influ\u00e8ncia de aires viciats pugui funcionar en perfecta harmonia amb les variacions atmosf\u00e8riques de l&#8217;exterior. Inclou d&#8217;un forat per poder penjar-lo a la paret.<\/p>\n<p><span class=\"VIiyi\" lang=\"ca\"><span class=\"JLqJ4b ChMk0b\" data-language-for-alternatives=\"ca\" data-language-to-translate-into=\"es\" data-phrase-index=\"0\" data-number-of-phrases=\"1\">El terme mitj\u00e0 d&#8217;anticipaci\u00f3 amb qu\u00e8 assenyala aquestes variacions \u00e9s de 24 hores.<\/span><\/span><\/p>\n<p><span class=\"VIiyi\" lang=\"ca\"><span class=\"JLqJ4b ChMk0b\" data-language-for-alternatives=\"ca\" data-language-to-translate-into=\"es\" data-phrase-index=\"0\" data-number-of-phrases=\"1\">Inclou instruccions d&#8217;\u00fas i ajustament.<\/span><\/span><\/p>\n<p><span class=\"VIiyi\" lang=\"ca\"><span class=\"JLqJ4b ChMk0b\" data-language-for-alternatives=\"ca\" data-language-to-translate-into=\"es\" data-phrase-index=\"0\" data-number-of-phrases=\"1\">Mesures unitat<\/span><\/span> : 33,5 x 24,2 x 2,9 cms.<\/p>\n","protected":false},"excerpt":{"rendered":"<p>Quin temps far\u00e0 dem\u00e0? El Frare del Temps t&#8217;ho dir\u00e0.<\/p>\n<p>El popular higr\u00f2metre, creat al 1894, ha estat, i \u00e9s un dels previsors del temps m\u00e9s reconeguts per la seva fiabilitat.<\/p>\n<p>Un original i molt pr\u00e0ctic regal.<\/p>\n<p><span class=\"VIiyi\" lang=\"ca\"><span class=\"JLqJ4b ChMk0b\" data-language-for-alternatives=\"ca\" data-language-to-translate-into=\"es\" data-phrase-index=\"0\" data-number-of-phrases=\"1\">A m\u00e9s, pots triar en varis idiomes:\u00a0 Castell\u00e0, Catal\u00e0, Euskera, Galego, Itali\u00e0, Franc\u00e8s, Angl\u00e8s, Alemany i Portugu\u00e8s.<\/span><\/span><\/p>\n","protected":false},"featured_media":16834,"comment_status":"open","ping_status":"closed","template":"","meta":{"_joinchat":[]},"product_brand":[],"product_cat":[112],"product_tag":[],"class_list":{"0":"post-15239","1":"product","2":"type-product","3":"status-publish","4":"has-post-thumbnail","6":"product_cat-higrometre","8":"first","9":"instock","10":"featured","11":"taxable","12":"shipping-taxable","13":"purchasable","14":"product-type-variable","15":"has-default-attributes"},"_links":{"self":[{"href":"https:\/\/frailedeltiempo.com\/ca\/wp-json\/wp\/v2\/product\/15239","targetHints":{"allow":["GET"]}}],"collection":[{"href":"https:\/\/frailedeltiempo.com\/ca\/wp-json\/wp\/v2\/product"}],"about":[{"href":"https:\/\/frailedeltiempo.com\/ca\/wp-json\/wp\/v2\/types\/product"}],"replies":[{"embeddable":true,"href":"https:\/\/frailedeltiempo.com\/ca\/wp-json\/wp\/v2\/comments?post=15239"}],"wp:featuredmedia":[{"embeddable":true,"href":"https:\/\/frailedeltiempo.com\/ca\/wp-json\/wp\/v2\/media\/16834"}],"wp:attachment":[{"href":"https:\/\/frailedeltiempo.com\/ca\/wp-json\/wp\/v2\/media?parent=15239"}],"wp:term":[{"taxonomy":"product_brand","embeddable":true,"href":"https:\/\/frailedeltiempo.com\/ca\/wp-json\/wp\/v2\/product_brand?post=15239"},{"taxonomy":"product_cat","embeddable":true,"href":"https:\/\/frailedeltiempo.com\/ca\/wp-json\/wp\/v2\/product_cat?post=15239"},{"taxonomy":"product_tag","embeddable":true,"href":"https:\/\/frailedeltiempo.com\/ca\/wp-json\/wp\/v2\/product_tag?post=15239"}],"curies":[{"name":"wp","href":"https:\/\/api.w.org\/{rel}","templated":true}]}}