{"id":19451,"date":"2018-02-20T08:24:11","date_gmt":"2018-02-20T06:24:11","guid":{"rendered":"https:\/\/frailedeltiempo.com\/product\/fraile-del-tiempo-higrometro-ed-santiago\/"},"modified":"2024-01-16T13:38:16","modified_gmt":"2024-01-16T11:38:16","slug":"fraile-del-tiempo-higrometro-ed-santiago","status":"publish","type":"product","link":"https:\/\/frailedeltiempo.com\/ca\/producte\/fraile-del-tiempo-higrometro-ed-santiago\/","title":{"rendered":"Higr\u00f2metre Frare del Temps &#8211; Santiago Compostela"},"content":{"rendered":"<p>El Fraile del Tiempo se\u00f1ala con su mano el tiempo que va a hacer las pr\u00f3ximas horas, marcado en la columna de arriba a abajo -SECO, REVUELTO, VIENTO, BUENO, INSEGURO, VENTOSO, H\u00daMEDO y LLUVIA-.<\/p>\n<p>Acompa\u00f1a al movimiento del brazo la capucha, que cubrir\u00e1 la cabeza en funci\u00f3n de la predicci\u00f3n.<\/p>\n<p>Debe colocarse en un lugar seco y ventilado, para que libre de la influencia de aires viciados pueda funcionar en perfecta armon\u00eda con las variaciones atmosf\u00e9ricas del exterior. Dispone de agujero para poderlo colgar en la pared.<\/p>\n<p>El t\u00e9rmino medio de anticipaci\u00f3n con que se\u00f1ala estas variaciones es de 24 horas.<\/p>\n<p>Incluye instrucciones de uso y ajuste.<\/p>\n<p>Medidas unidad: 33,5 x 24,2 x 2,9 cms.<\/p>\n","protected":false},"excerpt":{"rendered":"<p>\u00bfQu\u00e9 tiempo har\u00e1 ma\u00f1ana?<\/p>\n<p>El Fraile del Tiempo de lo dir\u00e1.<\/p>\n<p>El popular higr\u00f3metro, creado en 1894, ha sido, y es todav\u00eda, uno de los previsores del tiempo m\u00e1s reconocidos por su fiabilidad.<\/p>\n<p><strong>EDICI\u00d3N ESPECIAL <\/strong>con el fondo decorado con la famosa y monumental <strong>Plaza del Obradoiro de SANTIAGO DE COMPOSTELA.<\/strong><\/p>\n<p>Un original y muy pr\u00e1ctico regalo.<\/p>\n","protected":false},"featured_media":22740,"comment_status":"open","ping_status":"closed","template":"","meta":{"_joinchat":[]},"product_brand":[],"product_cat":[112],"product_tag":[],"class_list":{"0":"post-19451","1":"product","2":"type-product","3":"status-publish","4":"has-post-thumbnail","6":"product_cat-higrometre","8":"first","9":"instock","10":"featured","11":"taxable","12":"shipping-taxable","13":"purchasable","14":"product-type-simple"},"_links":{"self":[{"href":"https:\/\/frailedeltiempo.com\/ca\/wp-json\/wp\/v2\/product\/19451","targetHints":{"allow":["GET"]}}],"collection":[{"href":"https:\/\/frailedeltiempo.com\/ca\/wp-json\/wp\/v2\/product"}],"about":[{"href":"https:\/\/frailedeltiempo.com\/ca\/wp-json\/wp\/v2\/types\/product"}],"replies":[{"embeddable":true,"href":"https:\/\/frailedeltiempo.com\/ca\/wp-json\/wp\/v2\/comments?post=19451"}],"wp:featuredmedia":[{"embeddable":true,"href":"https:\/\/frailedeltiempo.com\/ca\/wp-json\/wp\/v2\/media\/22740"}],"wp:attachment":[{"href":"https:\/\/frailedeltiempo.com\/ca\/wp-json\/wp\/v2\/media?parent=19451"}],"wp:term":[{"taxonomy":"product_brand","embeddable":true,"href":"https:\/\/frailedeltiempo.com\/ca\/wp-json\/wp\/v2\/product_brand?post=19451"},{"taxonomy":"product_cat","embeddable":true,"href":"https:\/\/frailedeltiempo.com\/ca\/wp-json\/wp\/v2\/product_cat?post=19451"},{"taxonomy":"product_tag","embeddable":true,"href":"https:\/\/frailedeltiempo.com\/ca\/wp-json\/wp\/v2\/product_tag?post=19451"}],"curies":[{"name":"wp","href":"https:\/\/api.w.org\/{rel}","templated":true}]}}